{"id":2,"date":"2018-08-06T19:33:44","date_gmt":"2018-08-06T19:33:44","guid":{"rendered":"https:\/\/governanca.sergipegas.com.br\/?page_id=2"},"modified":"2025-04-10T15:27:24","modified_gmt":"2025-04-10T18:27:24","slug":"sample-page","status":"publish","type":"page","link":"https:\/\/governanca.sergipegas.com.br\/cms\/","title":{"rendered":"Portal de Governan\u00e7a"},"content":{"rendered":"\n<p>\u00a0<\/p>\n<p><strong>Governan\u00e7a Corporativa<\/strong> \u00e9 o conjunto estruturado de pol\u00edticas, procedimentos, regras, conven\u00e7\u00f5es, padr\u00f5es e diretrizes que orientam e controlam uma organiza\u00e7\u00e3o ou iniciativa. Ela define claramente os respons\u00e1veis por cada a\u00e7\u00e3o e suas respectivas atribui\u00e7\u00f5es, promovendo uma gest\u00e3o eficiente e planejada. Assim, constitui uma estrat\u00e9gia fundamental tanto para o gerenciamento cotidiano quanto para a evolu\u00e7\u00e3o sustent\u00e1vel de qualquer sistema.<\/p>\n<p>Trata-se do sistema pelo qual as empresas s\u00e3o dirigidas e controladas, abrangendo a intera\u00e7\u00e3o entre acionistas, Conselho de Administra\u00e7\u00e3o, Diretoria Executiva, Auditoria Independente e Conselho Fiscal.<\/p>\n<p>O principal objetivo da Governan\u00e7a Corporativa \u00e9 estabelecer mecanismos eficazes de incentivo e monitoramento, garantindo que as decis\u00f5es dos gestores estejam plenamente alinhadas aos interesses dos acionistas e demais partes interessadas.<\/p>\n<p>Empresas que adotam boas pr\u00e1ticas de Governan\u00e7a Corporativa seguem quatro princ\u00edpios fundamentais: <strong>Transpar\u00eancia<\/strong>, <strong>Equidade<\/strong>, <strong>Presta\u00e7\u00e3o de Contas<\/strong> e <strong>Responsabilidade Corporativa<\/strong>. A aplica\u00e7\u00e3o pr\u00e1tica desses princ\u00edpios fortalece a confian\u00e7a entre os envolvidos, assegura a integridade dos processos e contribui para a perenidade da organiza\u00e7\u00e3o, al\u00e9m de facilitar o acesso a recursos e mercados.<\/p>\n<p>As boas pr\u00e1ticas de Governan\u00e7a Corporativa transformam esses princ\u00edpios em recomenda\u00e7\u00f5es concretas, promovendo o alinhamento de interesses, a valoriza\u00e7\u00e3o da organiza\u00e7\u00e3o e sua continuidade no longo prazo.<\/p>\n<p style=\"text-align: justify;\">\u00a0<\/p>\n<p>\u00a0<\/p>\n","protected":false},"excerpt":{"rendered":"<p>\u00a0 Governan\u00e7a Corporativa \u00e9 o conjunto estruturado de pol\u00edticas, procedimentos, regras, conven\u00e7\u00f5es, padr\u00f5es e diretrizes que orientam e controlam uma organiza\u00e7\u00e3o ou iniciativa. Ela define claramente os respons\u00e1veis por cada a\u00e7\u00e3o e suas respectivas atribui\u00e7\u00f5es, promovendo uma gest\u00e3o eficiente e planejada. Assim, constitui uma estrat\u00e9gia fundamental tanto para o gerenciamento cotidiano quanto para a evolu\u00e7\u00e3o &#8230; <a title=\"Portal de Governan\u00e7a\" class=\"read-more\" href=\"https:\/\/governanca.sergipegas.com.br\/cms\/\" aria-label=\"Read more about Portal de Governan\u00e7a\">Ler mais<\/a><\/p>\n","protected":false},"author":1,"featured_media":0,"parent":0,"menu_order":0,"comment_status":"closed","ping_status":"open","template":"","meta":{"footnotes":""},"class_list":["post-2","page","type-page","status-publish"],"_links":{"self":[{"href":"https:\/\/governanca.sergipegas.com.br\/cms\/wp-json\/wp\/v2\/pages\/2","targetHints":{"allow":["GET"]}}],"collection":[{"href":"https:\/\/governanca.sergipegas.com.br\/cms\/wp-json\/wp\/v2\/pages"}],"about":[{"href":"https:\/\/governanca.sergipegas.com.br\/cms\/wp-json\/wp\/v2\/types\/page"}],"author":[{"embeddable":true,"href":"https:\/\/governanca.sergipegas.com.br\/cms\/wp-json\/wp\/v2\/users\/1"}],"replies":[{"embeddable":true,"href":"https:\/\/governanca.sergipegas.com.br\/cms\/wp-json\/wp\/v2\/comments?post=2"}],"version-history":[{"count":12,"href":"https:\/\/governanca.sergipegas.com.br\/cms\/wp-json\/wp\/v2\/pages\/2\/revisions"}],"predecessor-version":[{"id":218,"href":"https:\/\/governanca.sergipegas.com.br\/cms\/wp-json\/wp\/v2\/pages\/2\/revisions\/218"}],"wp:attachment":[{"href":"https:\/\/governanca.sergipegas.com.br\/cms\/wp-json\/wp\/v2\/media?parent=2"}],"curies":[{"name":"wp","href":"https:\/\/api.w.org\/{rel}","templated":true}]}}